{"id":8,"date":"2015-01-13T23:49:27","date_gmt":"2015-01-13T22:49:27","guid":{"rendered":"http:\/\/psaa.meil.pw.edu.pl\/wordpress\/?page_id=8"},"modified":"2022-02-11T20:17:51","modified_gmt":"2022-02-11T19:17:51","slug":"supporting-members","status":"publish","type":"page","link":"https:\/\/psaa.meil.pw.edu.pl\/?page_id=8","title":{"rendered":"Supporting members"},"content":{"rendered":"\n<p> [tp lang=&#8221;en&#8221; only=&#8221;y&#8221;] <br> Association has the following supporting members: <br>&#8211; <a rel=\"noreferrer noopener\" aria-label=\"The \u0141ukasiewicz Research Network \u2013 Institute of Aviation (opens in a new tab)\" href=\"https:\/\/ilot.lukasiewicz.gov.pl\/en\/\" target=\"_blank\">The \u0141ukasiewicz Research Network \u2013 Institute of Aviation<\/a><br>&#8211; <a href=\"https:\/\/www.itwl.pl\/en\/\">Air Force Institute of Technology<\/a><br>&#8211; <a href=\"https:\/\/www.imp.gda.pl\/en\/\">Fluid-Flow Machinery of the Polish Academy of Sciences <\/a><br>&#8211; <a href=\"http:\/\/www.scntpl.pl\/EN\">Silesian Science and Technology Centre of Aviation Industry Ltd.<\/a><br><br>[\/tp]<br>[tp not_in=&#8221;en&#8221; lang=&#8221;pl&#8221; only=&#8221;y&#8221;]<br> Stowarzyszenie posiada nast\u0119puj\u0105cych Cz\u0142onk\u00f3w Wspieraj\u0105cych: <br>&#8211; <a href=\"https:\/\/ilot.lukasiewicz.gov.pl\/\" target=\"_blank\" rel=\"noreferrer noopener\" aria-label=\"Sie\u0107 Badawcza \u0141ukasiewicz - Instytut Lotnictwa (opens in a new tab)\">Sie\u0107 Badawcza \u0141ukasiewicz &#8211; Instytut Lotnictwa<\/a> <br>&#8211; <a href=\"https:\/\/www.itwl.pl\/\">Instytut Techniczny Wojsk Lotniczych<\/a><br>&#8211; <a href=\"https:\/\/www.imp.gda.pl\">Instytut Maszyn Przep\u0142ywowych PAN<\/a> <br> &#8211; <a href=\"http:\/\/www.scntpl.pl\/\">\u015al\u0105skie Centrum Naukowo-Techniczne Przemys\u0142u Lotniczego <\/a><br>[\/tp]  [tp lang=&#8221;en&#8221; only=&#8221;y&#8221;]  <\/p>\n\n\n\n<p><\/p>\n","protected":false},"excerpt":{"rendered":"<p>[tp lang=&#8221;en&#8221; only=&#8221;y&#8221;] Association has the following supporting members: &#8211; The \u0141ukasiewicz Research Network \u2013 Institute of Aviation&#8211; Air Force <span class=\"ellipsis\">&hellip;<\/span> <span class=\"more-link-wrap\"><a href=\"https:\/\/psaa.meil.pw.edu.pl\/?page_id=8\" class=\"more-link\"><span>Continue Reading &rarr;<\/span><\/a><\/span><\/p>\n","protected":false},"author":1,"featured_media":0,"parent":0,"menu_order":0,"comment_status":"closed","ping_status":"closed","template":"","meta":{"footnotes":""},"class_list":["post-8","page","type-page","status-publish","hentry"],"_links":{"self":[{"href":"https:\/\/psaa.meil.pw.edu.pl\/index.php?rest_route=\/wp\/v2\/pages\/8","targetHints":{"allow":["GET"]}}],"collection":[{"href":"https:\/\/psaa.meil.pw.edu.pl\/index.php?rest_route=\/wp\/v2\/pages"}],"about":[{"href":"https:\/\/psaa.meil.pw.edu.pl\/index.php?rest_route=\/wp\/v2\/types\/page"}],"author":[{"embeddable":true,"href":"https:\/\/psaa.meil.pw.edu.pl\/index.php?rest_route=\/wp\/v2\/users\/1"}],"replies":[{"embeddable":true,"href":"https:\/\/psaa.meil.pw.edu.pl\/index.php?rest_route=%2Fwp%2Fv2%2Fcomments&post=8"}],"version-history":[{"count":9,"href":"https:\/\/psaa.meil.pw.edu.pl\/index.php?rest_route=\/wp\/v2\/pages\/8\/revisions"}],"predecessor-version":[{"id":404,"href":"https:\/\/psaa.meil.pw.edu.pl\/index.php?rest_route=\/wp\/v2\/pages\/8\/revisions\/404"}],"wp:attachment":[{"href":"https:\/\/psaa.meil.pw.edu.pl\/index.php?rest_route=%2Fwp%2Fv2%2Fmedia&parent=8"}],"curies":[{"name":"wp","href":"https:\/\/api.w.org\/{rel}","templated":true}]}}